{"id":4256,"date":"2018-11-04T20:26:57","date_gmt":"2018-11-04T19:26:57","guid":{"rendered":"http:\/\/cjnrb.fr\/cjnrb_fr\/?page_id=4256"},"modified":"2018-11-22T19:58:22","modified_gmt":"2018-11-22T18:58:22","slug":"adherez","status":"publish","type":"page","link":"https:\/\/cjnrb.fr\/cjnrb_fr\/adherez\/","title":{"rendered":"Adh\u00e9rez !"},"content":{"rendered":"<h4>Adh\u00e9rez \u00e0 l\u2019association CJNRB et participez <span lang=\"fr-FR\">\u00e0 l\u2019Assembl\u00e9e G\u00e9n\u00e9rale, et si vous le souhaitez aux diverses r\u00e9unions selon vos centres d\u2019int\u00e9r\u00eats. En tant qu&rsquo;adh\u00e9rent, vous pouvez consacrer un peu de de votre temps aux activit\u00e9s des commissions suivantes :<br \/>\n<\/span><\/h4>\n<ul>\n<li lang=\"fr-FR\"><span style=\"color: #000000;\"><span style=\"font-family: Minion Pro;\"><span style=\"font-size: medium;\">Communication (conception ; diffusion interne\/externe)<\/span><\/span><\/span><\/li>\n<li lang=\"fr-FR\"><span style=\"color: #000000;\"><span style=\"font-family: Minion Pro;\"><span style=\"font-size: medium;\">Culturelle (\u00e9changes culturels)<\/span><\/span><\/span><\/li>\n<li lang=\"fr-FR\"><span style=\"color: #000000;\"><span style=\"font-family: Minion Pro;\"><span style=\"font-size: medium;\">Economie\/Social (recherche de stages)<\/span><\/span><\/span><\/li>\n<li lang=\"fr-FR\"><span style=\"color: #000000;\"><span style=\"font-family: Minion Pro;\"><span style=\"font-size: medium;\">Manifestations et H\u00e9bergements (gestion, recherche de familles d\u2019accueil)<\/span><\/span><\/span><\/li>\n<li lang=\"fr-FR\"><span style=\"color: #000000;\"><span style=\"font-family: Minion Pro;\"><span style=\"font-size: medium;\">Jeunes (relations avec Espace Info Jeunes de Noisy le Roi)<\/span><\/span><\/span><\/li>\n<li lang=\"fr-FR\"><span style=\"color: #000000;\"><span style=\"font-family: Minion Pro;\"><span style=\"font-size: medium;\">Education (relations avec \u00e9tablissements scolaires)<\/span><\/span><\/span><\/li>\n<li lang=\"fr-FR\"><span style=\"color: #000000;\"><span style=\"font-family: Minion Pro;\"><span style=\"font-size: medium;\">Sportive ( Summer Camp, \u00e9changes, d\u00e9monstrations)<\/span><\/span><\/span><\/li>\n<\/ul>\n<blockquote><p><strong>Pour\u00a0 adh\u00e9rer \u00e0 l&rsquo;association CJNRB,<\/strong><br \/>\nremplissez le <a href=\"http:\/\/cjnrb.fr\/cjnrb_fr\/wp-content\/uploads\/2018\/11\/Bulletin-adhesion.pdf\">Bulletin d&rsquo;adh\u00e9sion<\/a><a href=\"http:\/\/cjnrb.fr\/cjnrb_fr\/wp-content\/uploads\/2018\/11\/Bulletin-adhesion.pdf\">\u00a0<\/a>et envoyez-le\u00a0\u00a0\u00e0 l\u2019adresse indiqu\u00e9e ci-dessous :<br \/>\nCJNRB<br \/>\n37, rue A. Le Bourblanc<br \/>\n78590 Noisy-le-Roi<\/p><\/blockquote>\n<p>Vous pouvez nous contacter par\u00a0<a href=\"http:\/\/cjnrb.fr\/cjnrb_fr\/contact\/\">mail<\/a> pour tout renseignement compl\u00e9mentaire.<\/p>\n","protected":false},"excerpt":{"rendered":"<p>Adh\u00e9rez \u00e0 l\u2019association CJNRB et participez \u00e0 l\u2019Assembl\u00e9e G\u00e9n\u00e9rale, et si vous le souhaitez aux diverses r\u00e9unions selon vos centres d\u2019int\u00e9r\u00eats. En tant qu&rsquo;adh\u00e9rent, vous pouvez consacrer un peu de de votre temps aux activit\u00e9s des commissions suivantes : Communication (conception ; diffusion interne\/externe) Culturelle (\u00e9changes culturels) Economie\/Social (recherche de stages) Manifestations et H\u00e9bergements (gestion, [&hellip;]<\/p>\n","protected":false},"author":1,"featured_media":0,"parent":0,"menu_order":0,"comment_status":"closed","ping_status":"closed","template":"","meta":[],"yoast_head":"<!-- This site is optimized with the Yoast SEO plugin v18.5.1 - https:\/\/yoast.com\/wordpress\/plugins\/seo\/ -->\n<title>Adh\u00e9rez ! - Jumelage Noisy le Roi \/ Bailly<\/title>\n<meta name=\"robots\" content=\"index, follow, max-snippet:-1, max-image-preview:large, max-video-preview:-1\" \/>\n<link rel=\"canonical\" href=\"https:\/\/cjnrb.fr\/cjnrb_fr\/adherez\/\" \/>\n<meta property=\"og:locale\" content=\"fr_FR\" \/>\n<meta property=\"og:type\" content=\"article\" \/>\n<meta property=\"og:title\" content=\"Adh\u00e9rez ! - Jumelage Noisy le Roi \/ Bailly\" \/>\n<meta property=\"og:description\" content=\"Adh\u00e9rez \u00e0 l\u2019association CJNRB et participez \u00e0 l\u2019Assembl\u00e9e G\u00e9n\u00e9rale, et si vous le souhaitez aux diverses r\u00e9unions selon vos centres d\u2019int\u00e9r\u00eats. En tant qu&rsquo;adh\u00e9rent, vous pouvez consacrer un peu de de votre temps aux activit\u00e9s des commissions suivantes : Communication (conception ; diffusion interne\/externe) Culturelle (\u00e9changes culturels) Economie\/Social (recherche de stages) Manifestations et H\u00e9bergements (gestion, [&hellip;]\" \/>\n<meta property=\"og:url\" content=\"https:\/\/cjnrb.fr\/cjnrb_fr\/adherez\/\" \/>\n<meta property=\"og:site_name\" content=\"Jumelage Noisy le Roi \/ Bailly\" \/>\n<meta property=\"article:modified_time\" content=\"2018-11-22T18:58:22+00:00\" \/>\n<meta name=\"twitter:card\" content=\"summary_large_image\" \/>\n<meta name=\"twitter:label1\" content=\"Dur\u00e9e de lecture estim\u00e9e\" \/>\n\t<meta name=\"twitter:data1\" content=\"1 minute\" \/>\n<script type=\"application\/ld+json\" class=\"yoast-schema-graph\">{\"@context\":\"https:\/\/schema.org\",\"@graph\":[{\"@type\":\"WebSite\",\"@id\":\"https:\/\/cjnrb.fr\/cjnrb_fr\/#website\",\"url\":\"https:\/\/cjnrb.fr\/cjnrb_fr\/\",\"name\":\"Jumelage Noisy le Roi \/ Bailly\",\"description\":\"\u00e9changes dans les domaines scolaires, culturels, sportifs, \u00e9conomiques et environnementaux avec les villes d\u2019Albion (USA) et Godella (Espagne) \",\"potentialAction\":[{\"@type\":\"SearchAction\",\"target\":{\"@type\":\"EntryPoint\",\"urlTemplate\":\"https:\/\/cjnrb.fr\/cjnrb_fr\/?s={search_term_string}\"},\"query-input\":\"required name=search_term_string\"}],\"inLanguage\":\"fr-FR\"},{\"@type\":\"WebPage\",\"@id\":\"https:\/\/cjnrb.fr\/cjnrb_fr\/adherez\/#webpage\",\"url\":\"https:\/\/cjnrb.fr\/cjnrb_fr\/adherez\/\",\"name\":\"Adh\u00e9rez ! - Jumelage Noisy le Roi \/ Bailly\",\"isPartOf\":{\"@id\":\"https:\/\/cjnrb.fr\/cjnrb_fr\/#website\"},\"datePublished\":\"2018-11-04T19:26:57+00:00\",\"dateModified\":\"2018-11-22T18:58:22+00:00\",\"breadcrumb\":{\"@id\":\"https:\/\/cjnrb.fr\/cjnrb_fr\/adherez\/#breadcrumb\"},\"inLanguage\":\"fr-FR\",\"potentialAction\":[{\"@type\":\"ReadAction\",\"target\":[\"https:\/\/cjnrb.fr\/cjnrb_fr\/adherez\/\"]}]},{\"@type\":\"BreadcrumbList\",\"@id\":\"https:\/\/cjnrb.fr\/cjnrb_fr\/adherez\/#breadcrumb\",\"itemListElement\":[{\"@type\":\"ListItem\",\"position\":1,\"name\":\"Accueil\",\"item\":\"https:\/\/cjnrb.fr\/cjnrb_fr\/\"},{\"@type\":\"ListItem\",\"position\":2,\"name\":\"Adh\u00e9rez !\"}]}]}<\/script>\n<!-- \/ Yoast SEO plugin. -->","yoast_head_json":{"title":"Adh\u00e9rez ! - Jumelage Noisy le Roi \/ Bailly","robots":{"index":"index","follow":"follow","max-snippet":"max-snippet:-1","max-image-preview":"max-image-preview:large","max-video-preview":"max-video-preview:-1"},"canonical":"https:\/\/cjnrb.fr\/cjnrb_fr\/adherez\/","og_locale":"fr_FR","og_type":"article","og_title":"Adh\u00e9rez ! - Jumelage Noisy le Roi \/ Bailly","og_description":"Adh\u00e9rez \u00e0 l\u2019association CJNRB et participez \u00e0 l\u2019Assembl\u00e9e G\u00e9n\u00e9rale, et si vous le souhaitez aux diverses r\u00e9unions selon vos centres d\u2019int\u00e9r\u00eats. En tant qu&rsquo;adh\u00e9rent, vous pouvez consacrer un peu de de votre temps aux activit\u00e9s des commissions suivantes : Communication (conception ; diffusion interne\/externe) Culturelle (\u00e9changes culturels) Economie\/Social (recherche de stages) Manifestations et H\u00e9bergements (gestion, [&hellip;]","og_url":"https:\/\/cjnrb.fr\/cjnrb_fr\/adherez\/","og_site_name":"Jumelage Noisy le Roi \/ Bailly","article_modified_time":"2018-11-22T18:58:22+00:00","twitter_card":"summary_large_image","twitter_misc":{"Dur\u00e9e de lecture estim\u00e9e":"1 minute"},"schema":{"@context":"https:\/\/schema.org","@graph":[{"@type":"WebSite","@id":"https:\/\/cjnrb.fr\/cjnrb_fr\/#website","url":"https:\/\/cjnrb.fr\/cjnrb_fr\/","name":"Jumelage Noisy le Roi \/ Bailly","description":"\u00e9changes dans les domaines scolaires, culturels, sportifs, \u00e9conomiques et environnementaux avec les villes d\u2019Albion (USA) et Godella (Espagne) ","potentialAction":[{"@type":"SearchAction","target":{"@type":"EntryPoint","urlTemplate":"https:\/\/cjnrb.fr\/cjnrb_fr\/?s={search_term_string}"},"query-input":"required name=search_term_string"}],"inLanguage":"fr-FR"},{"@type":"WebPage","@id":"https:\/\/cjnrb.fr\/cjnrb_fr\/adherez\/#webpage","url":"https:\/\/cjnrb.fr\/cjnrb_fr\/adherez\/","name":"Adh\u00e9rez ! - Jumelage Noisy le Roi \/ Bailly","isPartOf":{"@id":"https:\/\/cjnrb.fr\/cjnrb_fr\/#website"},"datePublished":"2018-11-04T19:26:57+00:00","dateModified":"2018-11-22T18:58:22+00:00","breadcrumb":{"@id":"https:\/\/cjnrb.fr\/cjnrb_fr\/adherez\/#breadcrumb"},"inLanguage":"fr-FR","potentialAction":[{"@type":"ReadAction","target":["https:\/\/cjnrb.fr\/cjnrb_fr\/adherez\/"]}]},{"@type":"BreadcrumbList","@id":"https:\/\/cjnrb.fr\/cjnrb_fr\/adherez\/#breadcrumb","itemListElement":[{"@type":"ListItem","position":1,"name":"Accueil","item":"https:\/\/cjnrb.fr\/cjnrb_fr\/"},{"@type":"ListItem","position":2,"name":"Adh\u00e9rez !"}]}]}},"_links":{"self":[{"href":"https:\/\/cjnrb.fr\/cjnrb_fr\/wp-json\/wp\/v2\/pages\/4256"}],"collection":[{"href":"https:\/\/cjnrb.fr\/cjnrb_fr\/wp-json\/wp\/v2\/pages"}],"about":[{"href":"https:\/\/cjnrb.fr\/cjnrb_fr\/wp-json\/wp\/v2\/types\/page"}],"author":[{"embeddable":true,"href":"https:\/\/cjnrb.fr\/cjnrb_fr\/wp-json\/wp\/v2\/users\/1"}],"replies":[{"embeddable":true,"href":"https:\/\/cjnrb.fr\/cjnrb_fr\/wp-json\/wp\/v2\/comments?post=4256"}],"version-history":[{"count":15,"href":"https:\/\/cjnrb.fr\/cjnrb_fr\/wp-json\/wp\/v2\/pages\/4256\/revisions"}],"predecessor-version":[{"id":4405,"href":"https:\/\/cjnrb.fr\/cjnrb_fr\/wp-json\/wp\/v2\/pages\/4256\/revisions\/4405"}],"wp:attachment":[{"href":"https:\/\/cjnrb.fr\/cjnrb_fr\/wp-json\/wp\/v2\/media?parent=4256"}],"curies":[{"name":"wp","href":"https:\/\/api.w.org\/{rel}","templated":true}]}}