{"id":4242,"date":"2018-11-04T19:12:42","date_gmt":"2018-11-04T18:12:42","guid":{"rendered":"http:\/\/cjnrb.fr\/cjnrb_fr\/?page_id=4242"},"modified":"2022-05-21T15:25:18","modified_gmt":"2022-05-21T13:25:18","slug":"le-comite-de-jumelage","status":"publish","type":"page","link":"https:\/\/cjnrb.fr\/cjnrb_fr\/le-comite-de-jumelage\/","title":{"rendered":"L&rsquo;association"},"content":{"rendered":"<blockquote>\n<h2><strong>Qu&rsquo;est-ce que le CJNRB ?<\/strong><\/h2>\n<\/blockquote>\n<p style=\"text-align: left;\"><span class=\"texte\"><img loading=\"lazy\" class=\"size-medium wp-image-4755 alignleft\" src=\"https:\/\/cjnrb.fr\/cjnrb_fr\/wp-content\/uploads\/2022\/05\/LOGO-DEF-CJ-entier-300x222.png\" alt=\"\" width=\"300\" height=\"222\" srcset=\"https:\/\/cjnrb.fr\/cjnrb_fr\/wp-content\/uploads\/2022\/05\/LOGO-DEF-CJ-entier-300x222.png 300w, https:\/\/cjnrb.fr\/cjnrb_fr\/wp-content\/uploads\/2022\/05\/LOGO-DEF-CJ-entier-450x333.png 450w, https:\/\/cjnrb.fr\/cjnrb_fr\/wp-content\/uploads\/2022\/05\/LOGO-DEF-CJ-entier.png 640w\" sizes=\"(max-width: 300px) 100vw, 300px\" \/>Le Comit\u00e9 de jumelage de Noisy le Roi-Bailly (CJNRB) est une association de b\u00e9n\u00e9voles qui a pour but de mettre en \u0153uvre et de favoriser des \u00e9changes dans les domaines scolaires, culturels, sportifs, \u00e9conomiques et environnementaux avec les villes d\u2019Albion (USA) et Godella (Espagne) conform\u00e9ment aux d\u00e9cisions des Conseils Municipaux de Noisy le Roi et de Bailly&#8230;<\/span><\/p>\n<p class=\"texte\" style=\"text-align: left;\">Le CJNRB facilite les contacts entre les citoyens de nos villes et ceux des villes jumel\u00e9es en mettant son savoir faire \u00e0 la disposition des individus ou collectivit\u00e9s d\u00e9sireuses de d\u00e9velopper des liens d\u2019amiti\u00e9 avec nos villes jumel\u00e9es.<\/p>\n<p>Il convient de noter que le CJNRB ne s\u2019implique pas dans les relations individuelles des habitants des villes jumel\u00e9es, ne finance aucune initiative priv\u00e9e ou collective et ne s\u2019occupe pas de leur organisation.<\/p>\n<blockquote>\n<h2 align=\"center\"><\/h2>\n<h2 align=\"center\"><\/h2>\n<h2 class=\"texte\" style=\"text-align: left;\" align=\"center\"><strong>Pourquoi un jumelage ?<br \/>\nA qui cela profite ?<\/strong><\/h2>\n<\/blockquote>\n<h3 class=\"texte\" style=\"text-align: left;\" align=\"center\">Pour les Nois\u00e9ens et les Baillacois<\/h3>\n<p style=\"text-align: left;\" align=\"center\"><strong>Un sondage con\u00e7u et r\u00e9alis\u00e9 par les \u00e9l\u00e8ves du Coll\u00e8ge de la Quintinye a indiqu\u00e9 que toutes les couches de la population de Noisy le Roi-Bailly \u00e9taient sensibilis\u00e9es par un jumelage avec des villes d&rsquo;autres pays&#8230;<\/strong><\/p>\n<ul style=\"text-align: left;\" type=\"disc\">\n<li class=\"texte\"><strong>Les jeunes<\/strong>\u00a0: Pour c\u00f4toyer d&rsquo;autres cultures ou trouver des possibilit\u00e9s de stages ou de travail.<\/li>\n<li class=\"texte\"><strong>Les \u00e9coles<\/strong>\u00a0: Pour organiser des \u00e9changes d&rsquo;\u00e9l\u00e8ves ou d&rsquo;enseignants.<\/li>\n<li class=\"texte\"><strong>Les familles<\/strong>\u00a0: Pour augmenter les chances de leurs enfants \u00e0 mieux r\u00e9ussir dans la vie.<\/li>\n<li class=\"texte\"><strong>Pour les Seniors\u00a0<\/strong>: Pour entreprendre des s\u00e9jours culturels dans les villes jumel\u00e9es.<\/li>\n<\/ul>\n<h3 class=\"texte\" style=\"text-align: left;\" align=\"center\">Pour les villes de Noisy le Roi et Bailly<\/h3>\n<p class=\"texte\" style=\"text-align: left;\" align=\"center\"><strong>Les rencontres avec les repr\u00e9sentants d&rsquo;Albion et de Godella ont indiqu\u00e9 qu&rsquo;il est possible d&rsquo;envisager plusieurs projets.<\/strong><\/p>\n<ul style=\"text-align: left;\" type=\"disc\">\n<li class=\"texte\">Projets de d\u00e9veloppement durable et protection de l&rsquo;environnement.<\/li>\n<li class=\"texte\">S\u00e9jours culturels et touristiques<\/li>\n<li class=\"texte\">Participation \u00e0 des manifestations culturelles locales.<\/li>\n<li class=\"texte\">Activit\u00e9s sportives<\/li>\n<\/ul>\n<h3 class=\"texte\" style=\"text-align: left;\" align=\"center\">Pour l&rsquo;\u00e9conomie<\/h3>\n<p class=\"texte\" style=\"text-align: left;\" align=\"center\"><strong>Favoriser des discussions entre les professionnels d&rsquo;Albion et de Godella afin de faire appara\u00eetre des possibilit\u00e9s pour le d\u00e9veloppement d&rsquo;activit\u00e9s \u00e9conomiques existantes ou la cr\u00e9ation de nouveaux \u00e9changes :<\/strong><\/p>\n<ul>\n<li class=\"texte\" style=\"text-align: left;\">Installation de soci\u00e9t\u00e9s tertiaires dans les zones \u00ab\u00a0Burocampus\u00a0\u00bb et \u00ab\u00a0Montgolfier\u00a0\u00bb de Noisy le Roi.<\/li>\n<li class=\"texte\" style=\"text-align: left;\">Parc des Fontenelles \u00e0 Bailly<\/li>\n<li class=\"texte\" style=\"text-align: left;\">Activit\u00e9s commerciales lors de manifestations Nois\u00e9ennes ou Baillacoises<\/li>\n<li class=\"texte\" style=\"text-align: left;\">Partage d&rsquo;informations techniques.<\/li>\n<li class=\"texte\" style=\"text-align: left;\">Installation de jeunes professionnels fran\u00e7ais \u00e0 Albion ou \u00e0 Godella.<\/li>\n<li class=\"texte\" style=\"text-align: left;\">D\u00e9veloppement de stages<\/li>\n<\/ul>\n","protected":false},"excerpt":{"rendered":"<p>Qu&rsquo;est-ce que le CJNRB ? Le Comit\u00e9 de jumelage de Noisy le Roi-Bailly (CJNRB) est une association de b\u00e9n\u00e9voles qui a pour but de mettre en \u0153uvre et de favoriser des \u00e9changes dans les domaines scolaires, culturels, sportifs, \u00e9conomiques et environnementaux avec les villes d\u2019Albion (USA) et Godella (Espagne) conform\u00e9ment aux d\u00e9cisions des Conseils Municipaux [&hellip;]<\/p>\n","protected":false},"author":1,"featured_media":0,"parent":0,"menu_order":0,"comment_status":"closed","ping_status":"closed","template":"","meta":[],"yoast_head":"<!-- This site is optimized with the Yoast SEO plugin v18.5.1 - https:\/\/yoast.com\/wordpress\/plugins\/seo\/ -->\n<title>L&#039;association - Jumelage Noisy le Roi \/ Bailly<\/title>\n<meta name=\"description\" content=\"Le Comit\u00e9 de jumelage de Noisy le Roi-Bailly (CJNRB) est une association de b\u00e9n\u00e9voles qui a pour but de mettre en \u0153uvre et de favoriser des \u00e9changes dans les domaines scolaires, culturels, sportifs, \u00e9conomiques et environnementaux avec les villes d\u2019Albion (USA) et Godella (Espagne) conform\u00e9ment aux d\u00e9cisions des Conseils Municipaux de Noisy le Roi et de Bailly...\" \/>\n<meta name=\"robots\" content=\"index, follow, max-snippet:-1, max-image-preview:large, max-video-preview:-1\" \/>\n<link rel=\"canonical\" href=\"https:\/\/cjnrb.fr\/cjnrb_fr\/le-comite-de-jumelage\/\" \/>\n<meta property=\"og:locale\" content=\"fr_FR\" \/>\n<meta property=\"og:type\" content=\"article\" \/>\n<meta property=\"og:title\" content=\"L&#039;association - Jumelage Noisy le Roi \/ Bailly\" \/>\n<meta property=\"og:description\" content=\"Le Comit\u00e9 de jumelage de Noisy le Roi-Bailly (CJNRB) est une association de b\u00e9n\u00e9voles qui a pour but de mettre en \u0153uvre et de favoriser des \u00e9changes dans les domaines scolaires, culturels, sportifs, \u00e9conomiques et environnementaux avec les villes d\u2019Albion (USA) et Godella (Espagne) conform\u00e9ment aux d\u00e9cisions des Conseils Municipaux de Noisy le Roi et de Bailly...\" \/>\n<meta property=\"og:url\" content=\"https:\/\/cjnrb.fr\/cjnrb_fr\/le-comite-de-jumelage\/\" \/>\n<meta property=\"og:site_name\" content=\"Jumelage Noisy le Roi \/ Bailly\" \/>\n<meta property=\"article:modified_time\" content=\"2022-05-21T13:25:18+00:00\" \/>\n<meta property=\"og:image\" content=\"https:\/\/cjnrb.fr\/cjnrb_fr\/wp-content\/uploads\/2022\/05\/LOGO-DEF-CJ-entier-300x222.png\" \/>\n<meta name=\"twitter:card\" content=\"summary_large_image\" \/>\n<meta name=\"twitter:label1\" content=\"Dur\u00e9e de lecture estim\u00e9e\" \/>\n\t<meta name=\"twitter:data1\" content=\"2 minutes\" \/>\n<script type=\"application\/ld+json\" class=\"yoast-schema-graph\">{\"@context\":\"https:\/\/schema.org\",\"@graph\":[{\"@type\":\"WebSite\",\"@id\":\"https:\/\/cjnrb.fr\/cjnrb_fr\/#website\",\"url\":\"https:\/\/cjnrb.fr\/cjnrb_fr\/\",\"name\":\"Jumelage Noisy le Roi \/ Bailly\",\"description\":\"\u00e9changes dans les domaines scolaires, culturels, sportifs, \u00e9conomiques et environnementaux avec les villes d\u2019Albion (USA) et Godella (Espagne) \",\"potentialAction\":[{\"@type\":\"SearchAction\",\"target\":{\"@type\":\"EntryPoint\",\"urlTemplate\":\"https:\/\/cjnrb.fr\/cjnrb_fr\/?s={search_term_string}\"},\"query-input\":\"required name=search_term_string\"}],\"inLanguage\":\"fr-FR\"},{\"@type\":\"ImageObject\",\"@id\":\"https:\/\/cjnrb.fr\/cjnrb_fr\/le-comite-de-jumelage\/#primaryimage\",\"inLanguage\":\"fr-FR\",\"url\":\"https:\/\/cjnrb.fr\/cjnrb_fr\/wp-content\/uploads\/2022\/05\/LOGO-DEF-CJ-entier.png\",\"contentUrl\":\"https:\/\/cjnrb.fr\/cjnrb_fr\/wp-content\/uploads\/2022\/05\/LOGO-DEF-CJ-entier.png\",\"width\":640,\"height\":473},{\"@type\":\"WebPage\",\"@id\":\"https:\/\/cjnrb.fr\/cjnrb_fr\/le-comite-de-jumelage\/#webpage\",\"url\":\"https:\/\/cjnrb.fr\/cjnrb_fr\/le-comite-de-jumelage\/\",\"name\":\"L'association - Jumelage Noisy le Roi \/ Bailly\",\"isPartOf\":{\"@id\":\"https:\/\/cjnrb.fr\/cjnrb_fr\/#website\"},\"primaryImageOfPage\":{\"@id\":\"https:\/\/cjnrb.fr\/cjnrb_fr\/le-comite-de-jumelage\/#primaryimage\"},\"datePublished\":\"2018-11-04T18:12:42+00:00\",\"dateModified\":\"2022-05-21T13:25:18+00:00\",\"description\":\"Le Comit\u00e9 de jumelage de Noisy le Roi-Bailly (CJNRB) est une association de b\u00e9n\u00e9voles qui a pour but de mettre en \u0153uvre et de favoriser des \u00e9changes dans les domaines scolaires, culturels, sportifs, \u00e9conomiques et environnementaux avec les villes d\u2019Albion (USA) et Godella (Espagne) conform\u00e9ment aux d\u00e9cisions des Conseils Municipaux de Noisy le Roi et de Bailly...\",\"breadcrumb\":{\"@id\":\"https:\/\/cjnrb.fr\/cjnrb_fr\/le-comite-de-jumelage\/#breadcrumb\"},\"inLanguage\":\"fr-FR\",\"potentialAction\":[{\"@type\":\"ReadAction\",\"target\":[\"https:\/\/cjnrb.fr\/cjnrb_fr\/le-comite-de-jumelage\/\"]}]},{\"@type\":\"BreadcrumbList\",\"@id\":\"https:\/\/cjnrb.fr\/cjnrb_fr\/le-comite-de-jumelage\/#breadcrumb\",\"itemListElement\":[{\"@type\":\"ListItem\",\"position\":1,\"name\":\"Accueil\",\"item\":\"https:\/\/cjnrb.fr\/cjnrb_fr\/\"},{\"@type\":\"ListItem\",\"position\":2,\"name\":\"L&rsquo;association\"}]}]}<\/script>\n<!-- \/ Yoast SEO plugin. -->","yoast_head_json":{"title":"L'association - Jumelage Noisy le Roi \/ Bailly","description":"Le Comit\u00e9 de jumelage de Noisy le Roi-Bailly (CJNRB) est une association de b\u00e9n\u00e9voles qui a pour but de mettre en \u0153uvre et de favoriser des \u00e9changes dans les domaines scolaires, culturels, sportifs, \u00e9conomiques et environnementaux avec les villes d\u2019Albion (USA) et Godella (Espagne) conform\u00e9ment aux d\u00e9cisions des Conseils Municipaux de Noisy le Roi et de Bailly...","robots":{"index":"index","follow":"follow","max-snippet":"max-snippet:-1","max-image-preview":"max-image-preview:large","max-video-preview":"max-video-preview:-1"},"canonical":"https:\/\/cjnrb.fr\/cjnrb_fr\/le-comite-de-jumelage\/","og_locale":"fr_FR","og_type":"article","og_title":"L'association - Jumelage Noisy le Roi \/ Bailly","og_description":"Le Comit\u00e9 de jumelage de Noisy le Roi-Bailly (CJNRB) est une association de b\u00e9n\u00e9voles qui a pour but de mettre en \u0153uvre et de favoriser des \u00e9changes dans les domaines scolaires, culturels, sportifs, \u00e9conomiques et environnementaux avec les villes d\u2019Albion (USA) et Godella (Espagne) conform\u00e9ment aux d\u00e9cisions des Conseils Municipaux de Noisy le Roi et de Bailly...","og_url":"https:\/\/cjnrb.fr\/cjnrb_fr\/le-comite-de-jumelage\/","og_site_name":"Jumelage Noisy le Roi \/ Bailly","article_modified_time":"2022-05-21T13:25:18+00:00","og_image":[{"url":"https:\/\/cjnrb.fr\/cjnrb_fr\/wp-content\/uploads\/2022\/05\/LOGO-DEF-CJ-entier-300x222.png"}],"twitter_card":"summary_large_image","twitter_misc":{"Dur\u00e9e de lecture estim\u00e9e":"2 minutes"},"schema":{"@context":"https:\/\/schema.org","@graph":[{"@type":"WebSite","@id":"https:\/\/cjnrb.fr\/cjnrb_fr\/#website","url":"https:\/\/cjnrb.fr\/cjnrb_fr\/","name":"Jumelage Noisy le Roi \/ Bailly","description":"\u00e9changes dans les domaines scolaires, culturels, sportifs, \u00e9conomiques et environnementaux avec les villes d\u2019Albion (USA) et Godella (Espagne) ","potentialAction":[{"@type":"SearchAction","target":{"@type":"EntryPoint","urlTemplate":"https:\/\/cjnrb.fr\/cjnrb_fr\/?s={search_term_string}"},"query-input":"required name=search_term_string"}],"inLanguage":"fr-FR"},{"@type":"ImageObject","@id":"https:\/\/cjnrb.fr\/cjnrb_fr\/le-comite-de-jumelage\/#primaryimage","inLanguage":"fr-FR","url":"https:\/\/cjnrb.fr\/cjnrb_fr\/wp-content\/uploads\/2022\/05\/LOGO-DEF-CJ-entier.png","contentUrl":"https:\/\/cjnrb.fr\/cjnrb_fr\/wp-content\/uploads\/2022\/05\/LOGO-DEF-CJ-entier.png","width":640,"height":473},{"@type":"WebPage","@id":"https:\/\/cjnrb.fr\/cjnrb_fr\/le-comite-de-jumelage\/#webpage","url":"https:\/\/cjnrb.fr\/cjnrb_fr\/le-comite-de-jumelage\/","name":"L'association - Jumelage Noisy le Roi \/ Bailly","isPartOf":{"@id":"https:\/\/cjnrb.fr\/cjnrb_fr\/#website"},"primaryImageOfPage":{"@id":"https:\/\/cjnrb.fr\/cjnrb_fr\/le-comite-de-jumelage\/#primaryimage"},"datePublished":"2018-11-04T18:12:42+00:00","dateModified":"2022-05-21T13:25:18+00:00","description":"Le Comit\u00e9 de jumelage de Noisy le Roi-Bailly (CJNRB) est une association de b\u00e9n\u00e9voles qui a pour but de mettre en \u0153uvre et de favoriser des \u00e9changes dans les domaines scolaires, culturels, sportifs, \u00e9conomiques et environnementaux avec les villes d\u2019Albion (USA) et Godella (Espagne) conform\u00e9ment aux d\u00e9cisions des Conseils Municipaux de Noisy le Roi et de Bailly...","breadcrumb":{"@id":"https:\/\/cjnrb.fr\/cjnrb_fr\/le-comite-de-jumelage\/#breadcrumb"},"inLanguage":"fr-FR","potentialAction":[{"@type":"ReadAction","target":["https:\/\/cjnrb.fr\/cjnrb_fr\/le-comite-de-jumelage\/"]}]},{"@type":"BreadcrumbList","@id":"https:\/\/cjnrb.fr\/cjnrb_fr\/le-comite-de-jumelage\/#breadcrumb","itemListElement":[{"@type":"ListItem","position":1,"name":"Accueil","item":"https:\/\/cjnrb.fr\/cjnrb_fr\/"},{"@type":"ListItem","position":2,"name":"L&rsquo;association"}]}]}},"_links":{"self":[{"href":"https:\/\/cjnrb.fr\/cjnrb_fr\/wp-json\/wp\/v2\/pages\/4242"}],"collection":[{"href":"https:\/\/cjnrb.fr\/cjnrb_fr\/wp-json\/wp\/v2\/pages"}],"about":[{"href":"https:\/\/cjnrb.fr\/cjnrb_fr\/wp-json\/wp\/v2\/types\/page"}],"author":[{"embeddable":true,"href":"https:\/\/cjnrb.fr\/cjnrb_fr\/wp-json\/wp\/v2\/users\/1"}],"replies":[{"embeddable":true,"href":"https:\/\/cjnrb.fr\/cjnrb_fr\/wp-json\/wp\/v2\/comments?post=4242"}],"version-history":[{"count":8,"href":"https:\/\/cjnrb.fr\/cjnrb_fr\/wp-json\/wp\/v2\/pages\/4242\/revisions"}],"predecessor-version":[{"id":4252,"href":"https:\/\/cjnrb.fr\/cjnrb_fr\/wp-json\/wp\/v2\/pages\/4242\/revisions\/4252"}],"wp:attachment":[{"href":"https:\/\/cjnrb.fr\/cjnrb_fr\/wp-json\/wp\/v2\/media?parent=4242"}],"curies":[{"name":"wp","href":"https:\/\/api.w.org\/{rel}","templated":true}]}}