{"id":4193,"date":"2018-11-04T17:19:06","date_gmt":"2018-11-04T16:19:06","guid":{"rendered":"http:\/\/cjnrb.fr\/cjnrb_fr\/?page_id=4193"},"modified":"2018-11-18T18:24:02","modified_gmt":"2018-11-18T17:24:02","slug":"la-ville-de-bailly","status":"publish","type":"page","link":"https:\/\/cjnrb.fr\/cjnrb_fr\/la-ville-de-bailly\/","title":{"rendered":"La ville de Bailly"},"content":{"rendered":"<blockquote>\n<h2 style=\"text-align: left;\">La ville de Bailly<\/h2>\n<\/blockquote>\n<div id=\"lmm_1272b222\" style=\"width:100%;\" class=\"mapsmarker markermap marker-4\">\n<div id=\"lmm_panel_1272b222\" class=\"lmm-panel\" style=\"background:#efefef;\">\n<div id=\"lmm_panel_api_1272b222\" class=\"lmm-panel-api\"><a href=\"https:\/\/maps.google.com\/maps?daddr=48.838961,2.080193&amp;t=m&amp;layer=1&amp;doflg=ptk&amp;om=0\" target=\"_blank\" title=\"Obtenir l&#039;itin\u00e9raire\"><img alt=\"icon-car.png\" src=\"https:\/\/cjnrb.fr\/cjnrb_fr\/wp-content\/plugins\/leaflet-maps-marker\/inc\/img\/icon-car.png\" width=\"14\" height=\"14\" class=\"lmm-panel-api-images\" \/><\/a><a href=\"https:\/\/cjnrb.fr\/cjnrb_fr\/wp-content\/plugins\/leaflet-maps-marker\/leaflet-fullscreen.php?marker=4\" style=\"text-decoration:none;\" title=\"Ouvrir la carte toute seule en mode plein \u00e9cran\" target=\"_blank\"><img src=\"https:\/\/cjnrb.fr\/cjnrb_fr\/wp-content\/plugins\/leaflet-maps-marker\/inc\/img\/icon-fullscreen.png\" width=\"14\" height=\"14\" alt=\"Fullscreen-Logo\" class=\"lmm-panel-api-images\" \/><\/a><\/div><div id=\"lmm_panel_text_1272b222\" class=\"lmm-panel-text\" style=\"font-weight:bold;color:#373737;\">Bailly<\/div><\/div>\n<div id=\"lmm_map_1272b222\" class=\"lmm-map\" style=\"background:#f6f6f6;border:1px solid #ccc;height:500px; overflow:hidden;padding:0;\"><p style=\"font-size:80%;color:#9f9e9e;margin-left:5px;\">chargement de la carte - veuillez patienter...<noscript><br\/><strong>La carte ne peut \u00eatre charg\u00e9e - s'il vous pla\u00eet activer Javascript !<\/strong><br\/><a style=\"text-decoration:none;\" href=\"https:\/\/www.mapsmarker.com\/js-disabled\" target=\"_blank\">&rarr; plus d'informations<\/a><\/noscript><\/p><\/div>\n<div id=\"lmm_geo_tags_1272b222\" class=\"lmm-geo-tags geo\">\n<span class=\"paneltext\">Bailly<\/span>\n<span class=\"latitude\">48.838961<\/span>, <span class=\"longitude\">2.080193<\/span>\n<span class=\"popuptext\"><\/span>\n<\/div>\n<\/div>\n<blockquote><p><strong>Histoire de Bailly<\/strong><\/p><\/blockquote>\n<p>&nbsp;<\/p>\n<p><img loading=\"lazy\" class=\"size-full wp-image-4194 alignleft\" src=\"http:\/\/cjnrb.fr\/cjnrb_fr\/wp-content\/uploads\/2018\/11\/Histoire-de-Bailly.jpg\" alt=\"\" width=\"254\" height=\"182\" \/>Les origines de Bailly sont li\u00e9es au d\u00e9frichement du Val de Gally dont le r\u00fb serpente de Versailles jusqu\u2019\u00e0 la Mauldre, affluent de la Seine. Les hommes de la pr\u00e9histoire ont remont\u00e9 son cours\u00a0; les Celtes les ont suivis\u00a0; les Gaulois attir\u00e9s par la situation abrit\u00e9e de la giboyeuse for\u00eat de Cruye (de terre dure) et bien expos\u00e9e en lisi\u00e8re nord du Val, riche en eau, vont y implanter les premiers habitats s\u00e9dentaires.<\/p>\n<p>A l\u2019\u00e9poque gallo-romaine, un vicus, form\u00e9 en rectangle autour de la villa d\u2019un dignitaire, prendra le nom de celui-ci\u00a0: Batallius auquel il est ajout\u00e9 le suffixe \u00ab\u00a0acum\u00a0\u00bb\u00a0: Batallius-acum, qui devient assez rapidement \u00ab\u00a0Bataliacum\u00a0\u00bb, puis Balliacum\u00a0; d\u2019o\u00f9 est tir\u00e9 le nom des habitants\u2026, \u00e0 l\u2019\u00e9poque romane\u00a0: Baalei qui se transforme progressivement en Bailli, et plus r\u00e9cemment en Bailly.<br \/>\nD\u00e8s cette \u00e9poque apparaissent les caract\u00e9ristiques de notre r\u00e9gion\u00a0: cultures, habitats, axes de circulation, sous l\u2019influence de deux grandes peuplades\u00a0: les \u00ab\u00a0Parisii\u00a0\u00bb, \u00e0 l\u2019Est et les \u00ab\u00a0Carnutes\u00a0\u00bb \u00e0 l\u2019Ouest.<br \/>\nConservant la tradition ancestrale, l\u2019\u00e9poque chr\u00e9tienne respectera les limites des cit\u00e9s et c\u2019est ainsi que Bailly et les paroisses environnantes formeront une enclave du dioc\u00e8se de Chartres en bordure de celui de Paris.<\/p>\n<p>Le Moyen \u00e2ge fut une p\u00e9riode tr\u00e8s rude\u00a0: on se regroupe autour de \u00ab\u00a0mottes\u00a0\u00bb, ces tours de bois entour\u00e9es de fortifications o\u00f9 l\u2019on se r\u00e9fugie \u00e0 l\u2019approche du danger. C\u2019est sans doute \u00e0 cette \u00e9poque que se constituent les fiefs principaux de Bailly-le-Haut, en lisi\u00e8re de la for\u00eat de Cruye, mais sur le plateau, et celui de Bailly-le-Bas, sensiblement \u00e0 l\u2019emplacement du village actuel et dont les Seigneurs poss\u00e8deront chacun des fiefs correspondants de Noisy et de Bailly.<\/p>\n<p>Les Normands, au IXe\u00a0 si\u00e8cle, d\u00e9barquant de Seine, en ravageront les abords au cours d\u2019incursions.<\/p>\n<p>Entre le Xe si\u00e8cle et le XIIIe\u00a0 si\u00e8cle, le Val de \u00ab\u00a0Galie\u00a0\u00bb s\u2019organise sous l\u2019impulsion des abbayes de Saint-Denis et de Sainte-Genevi\u00e8ve. L\u2019essor d\u00e9mographique de cette p\u00e9riode permet la mise en valeur des sols, la construction des villages autour des \u00e9glises de pierre (Saint-Sulpice de Bailly)\u00a0; la vocation et le paysage rural sont alors fix\u00e9s.<\/p>\n<p>Cet \u00e2ge d\u2019or se termine, la peste noire de 1348\/49 et la guerre de cent ans d\u00e9ciment les populations et transforment les terres en friche\u00a0:<br \/>\nD\u00e8s 1346, Edouard III d\u2019Angleterre occupe Poissy et la r\u00e9gion\u00a0; son fils, le Prince de Galles, venu s\u2019installer \u00e0 Saint-Germain, brulera en faisant retraite, tous les villages environnants.<br \/>\nEn 1357, Charles le mauvais, ses partisans et les Anglais tiennent Maule et Villepreux, le Val de Gallie devient un champ de bataille quasi permanent jusqu\u2019\u00e0 la d\u00e9route de l\u2019ennemi battu \u00e0 Beynes, au d\u00e9but du XVe\u00a0 si\u00e8cle au lieu-dit \u00ab\u00a0la prise aux Anglais\u00a0\u00bb.<\/p>\n<p>Les Seigneurs de Bailly reconstituent leurs domaines. La paix r\u00e9tablie, un instant troubl\u00e9e par les guerres de religion, engendre un nouvel essor\u00a0: sur le territoire de Bailly, de petits hameaux se constituent ou se d\u00e9veloppent\u00a0: Pontalie avec son ch\u00e2teau, l\u2019H\u00f4tel des moulins, les Moulineaux, Voluceau ; sur le ru de Gally, trois \u00e9levages de poissons et deux moulins sont install\u00e9s. Les abbayes de Sainte-Genevi\u00e8ve, de Montbuisson, de Saint-Denis, de Saint-Cyr ou des Vaux de Cernay se partagent tou\u00e0 tour des terres ou s\u2019en disputent la d\u00eeme.<br \/>\nCe retour \u00e0 la prosp\u00e9rit\u00e9 permet aussi la construction du Ch\u00e2teau de Bailly par Catherine de Saint-Benoist (1526). Ce ch\u00e2teau sera achev\u00e9 par la famille des Ligneris. Th\u00e9odore des Ligneris le c\u00e8de, en 1571, \u00e0 Albert de Gondi, futur Mar\u00e9chal de Retz, lui-m\u00eame, ses h\u00e9ritiers et ses successeurs vont poursuivre les am\u00e9nagements en regroupant les propri\u00e9t\u00e9s.<br \/>\nLe p\u00f4le d\u2019int\u00e9r\u00eat est Saint-Germain avant de devenir Versailles\u00a0; Vincent de Paul, alors pr\u00e9cepteur des enfants de Philippe-Emmanuel de Gondi, r\u00e9sidant \u00e0 Villepreux, pr\u00eache une mission, la Croix au d\u00e9but de la rue de l\u2019Eglise en est le souvenir.<\/p>\n<p>La Fronde passe.<br \/>\nUne partie du Pays de Cruye et du Val de Gally sera acquise par Louis XIV, \u00e0 la suite de la d\u00e9confiture de Fran\u00e7ois Bossuet, parent de l\u2019Aigle de Meaux, le 20 mai 1676, en vue d\u2019agrandir le domaine de Versailles et ses territoires de chasses.<\/p>\n<p>L\u2019annexion entra\u00eene des am\u00e9nagements comme la Faisanderie ou les \u00e9tangs et le Champ de Mars de la Plaine du Trou d\u2019Enfer.<\/p>\n<p>a r\u00e9volution restitue les terres \u00e0 la propri\u00e9t\u00e9 priv\u00e9e en les morcelant, l\u2019oratoire de Notre-Dame-de-Bon Repos, lieu de p\u00e8lerinage ancestral de toute la r\u00e9gion sera d\u00e9truit plus tard par l\u2019acqu\u00e9reur versaillais de ce bien national, mais la statue de Notre-Dame trouvera abri en l\u2019\u00e9glise de Bailly\u2026<\/p>\n<p>Bailly retrouve sa vocation de village agricole dans ses clos, ses vignes ses champs et ses vergers.<\/p>\n<p>Le XIXe si\u00e8cle voit la restauration du ch\u00e2teau du Tillet, la construction de ceux de la P\u00e9pini\u00e8re, de la Ch\u00e2taigneraie et quelques autres propri\u00e9t\u00e9s plus modestes. Les terres sont exploit\u00e9es par des fermiers, des mara\u00eechers, des fleuristes ou des horticulteurs. Le Ligne de Grande Ceinture est cr\u00e9\u00e9e. Bailly b\u00e9n\u00e9ficiera d\u2019une halte\u2026<\/p>\n<p>Les conflits arm\u00e9s des deux derniers si\u00e8cles, la construction du Chemin de Fer de l\u2019Ouest-Etat ou de l\u2019autoroute de l\u2019Ouest ont amen\u00e9 des familles venues d\u2019autres provinces, Nord, Ardennes, Bretagne, \u00e0 se fixer et souvent \u00e0 fusionner avec celles des anciens Baillacois dont bon nombre \u00e9taient eux-m\u00eames descendants des serviteurs du grand domaine royal.<\/p>\n<p><img loading=\"lazy\" class=\"size-full wp-image-4195 alignleft\" src=\"http:\/\/cjnrb.fr\/cjnrb_fr\/wp-content\/uploads\/2018\/11\/Bailly-vue-du-ciel.jpg\" alt=\"\" width=\"241\" height=\"221\" \/>Depuis 1950, l\u2019expansion de la r\u00e9gion parisienne vers l\u2019Ouest entra\u00eene pour Bailly l\u2019implantation d\u2019une nouvelle g\u00e9n\u00e9ration d\u2019habitats collectif et pavillonnaire en des lieux dont les noms rappellent le pass\u00e9 d\u2019une petite cit\u00e9 o\u00f9 il fait bon vivre.<\/p>\n","protected":false},"excerpt":{"rendered":"<p>La ville de Bailly Histoire de Bailly &nbsp; Les origines de Bailly sont li\u00e9es au d\u00e9frichement du Val de Gally dont le r\u00fb serpente de Versailles jusqu\u2019\u00e0 la Mauldre, affluent de la Seine. Les hommes de la pr\u00e9histoire ont remont\u00e9 son cours\u00a0; les Celtes les ont suivis\u00a0; les Gaulois attir\u00e9s par la situation abrit\u00e9e de [&hellip;]<\/p>\n","protected":false},"author":1,"featured_media":0,"parent":0,"menu_order":0,"comment_status":"closed","ping_status":"closed","template":"","meta":[],"yoast_head":"<!-- This site is optimized with the Yoast SEO plugin v18.5.1 - https:\/\/yoast.com\/wordpress\/plugins\/seo\/ -->\n<title>La ville de Bailly - Jumelage Noisy le Roi \/ Bailly<\/title>\n<meta name=\"robots\" content=\"index, follow, max-snippet:-1, max-image-preview:large, max-video-preview:-1\" \/>\n<link rel=\"canonical\" href=\"https:\/\/cjnrb.fr\/cjnrb_fr\/la-ville-de-bailly\/\" \/>\n<meta property=\"og:locale\" content=\"fr_FR\" \/>\n<meta property=\"og:type\" content=\"article\" \/>\n<meta property=\"og:title\" content=\"La ville de Bailly - Jumelage Noisy le Roi \/ Bailly\" \/>\n<meta property=\"og:description\" content=\"La ville de Bailly Histoire de Bailly &nbsp; Les origines de Bailly sont li\u00e9es au d\u00e9frichement du Val de Gally dont le r\u00fb serpente de Versailles jusqu\u2019\u00e0 la Mauldre, affluent de la Seine. Les hommes de la pr\u00e9histoire ont remont\u00e9 son cours\u00a0; les Celtes les ont suivis\u00a0; les Gaulois attir\u00e9s par la situation abrit\u00e9e de [&hellip;]\" \/>\n<meta property=\"og:url\" content=\"https:\/\/cjnrb.fr\/cjnrb_fr\/la-ville-de-bailly\/\" \/>\n<meta property=\"og:site_name\" content=\"Jumelage Noisy le Roi \/ Bailly\" \/>\n<meta property=\"article:modified_time\" content=\"2018-11-18T17:24:02+00:00\" \/>\n<meta property=\"og:image\" content=\"http:\/\/cjnrb.fr\/cjnrb_fr\/wp-content\/uploads\/2018\/11\/Histoire-de-Bailly.jpg\" \/>\n<meta name=\"twitter:card\" content=\"summary_large_image\" \/>\n<meta name=\"twitter:label1\" content=\"Dur\u00e9e de lecture estim\u00e9e\" \/>\n\t<meta name=\"twitter:data1\" content=\"5 minutes\" \/>\n<script type=\"application\/ld+json\" class=\"yoast-schema-graph\">{\"@context\":\"https:\/\/schema.org\",\"@graph\":[{\"@type\":\"WebSite\",\"@id\":\"https:\/\/cjnrb.fr\/cjnrb_fr\/#website\",\"url\":\"https:\/\/cjnrb.fr\/cjnrb_fr\/\",\"name\":\"Jumelage Noisy le Roi \/ Bailly\",\"description\":\"\u00e9changes dans les domaines scolaires, culturels, sportifs, \u00e9conomiques et environnementaux avec les villes d\u2019Albion (USA) et Godella (Espagne) \",\"potentialAction\":[{\"@type\":\"SearchAction\",\"target\":{\"@type\":\"EntryPoint\",\"urlTemplate\":\"https:\/\/cjnrb.fr\/cjnrb_fr\/?s={search_term_string}\"},\"query-input\":\"required name=search_term_string\"}],\"inLanguage\":\"fr-FR\"},{\"@type\":\"ImageObject\",\"@id\":\"https:\/\/cjnrb.fr\/cjnrb_fr\/la-ville-de-bailly\/#primaryimage\",\"inLanguage\":\"fr-FR\",\"url\":\"http:\/\/cjnrb.fr\/cjnrb_fr\/wp-content\/uploads\/2018\/11\/Histoire-de-Bailly.jpg\",\"contentUrl\":\"http:\/\/cjnrb.fr\/cjnrb_fr\/wp-content\/uploads\/2018\/11\/Histoire-de-Bailly.jpg\"},{\"@type\":\"WebPage\",\"@id\":\"https:\/\/cjnrb.fr\/cjnrb_fr\/la-ville-de-bailly\/#webpage\",\"url\":\"https:\/\/cjnrb.fr\/cjnrb_fr\/la-ville-de-bailly\/\",\"name\":\"La ville de Bailly - Jumelage Noisy le Roi \/ Bailly\",\"isPartOf\":{\"@id\":\"https:\/\/cjnrb.fr\/cjnrb_fr\/#website\"},\"primaryImageOfPage\":{\"@id\":\"https:\/\/cjnrb.fr\/cjnrb_fr\/la-ville-de-bailly\/#primaryimage\"},\"datePublished\":\"2018-11-04T16:19:06+00:00\",\"dateModified\":\"2018-11-18T17:24:02+00:00\",\"breadcrumb\":{\"@id\":\"https:\/\/cjnrb.fr\/cjnrb_fr\/la-ville-de-bailly\/#breadcrumb\"},\"inLanguage\":\"fr-FR\",\"potentialAction\":[{\"@type\":\"ReadAction\",\"target\":[\"https:\/\/cjnrb.fr\/cjnrb_fr\/la-ville-de-bailly\/\"]}]},{\"@type\":\"BreadcrumbList\",\"@id\":\"https:\/\/cjnrb.fr\/cjnrb_fr\/la-ville-de-bailly\/#breadcrumb\",\"itemListElement\":[{\"@type\":\"ListItem\",\"position\":1,\"name\":\"Accueil\",\"item\":\"https:\/\/cjnrb.fr\/cjnrb_fr\/\"},{\"@type\":\"ListItem\",\"position\":2,\"name\":\"La ville de Bailly\"}]}]}<\/script>\n<!-- \/ Yoast SEO plugin. -->","yoast_head_json":{"title":"La ville de Bailly - Jumelage Noisy le Roi \/ Bailly","robots":{"index":"index","follow":"follow","max-snippet":"max-snippet:-1","max-image-preview":"max-image-preview:large","max-video-preview":"max-video-preview:-1"},"canonical":"https:\/\/cjnrb.fr\/cjnrb_fr\/la-ville-de-bailly\/","og_locale":"fr_FR","og_type":"article","og_title":"La ville de Bailly - Jumelage Noisy le Roi \/ Bailly","og_description":"La ville de Bailly Histoire de Bailly &nbsp; Les origines de Bailly sont li\u00e9es au d\u00e9frichement du Val de Gally dont le r\u00fb serpente de Versailles jusqu\u2019\u00e0 la Mauldre, affluent de la Seine. Les hommes de la pr\u00e9histoire ont remont\u00e9 son cours\u00a0; les Celtes les ont suivis\u00a0; les Gaulois attir\u00e9s par la situation abrit\u00e9e de [&hellip;]","og_url":"https:\/\/cjnrb.fr\/cjnrb_fr\/la-ville-de-bailly\/","og_site_name":"Jumelage Noisy le Roi \/ Bailly","article_modified_time":"2018-11-18T17:24:02+00:00","og_image":[{"url":"http:\/\/cjnrb.fr\/cjnrb_fr\/wp-content\/uploads\/2018\/11\/Histoire-de-Bailly.jpg"}],"twitter_card":"summary_large_image","twitter_misc":{"Dur\u00e9e de lecture estim\u00e9e":"5 minutes"},"schema":{"@context":"https:\/\/schema.org","@graph":[{"@type":"WebSite","@id":"https:\/\/cjnrb.fr\/cjnrb_fr\/#website","url":"https:\/\/cjnrb.fr\/cjnrb_fr\/","name":"Jumelage Noisy le Roi \/ Bailly","description":"\u00e9changes dans les domaines scolaires, culturels, sportifs, \u00e9conomiques et environnementaux avec les villes d\u2019Albion (USA) et Godella (Espagne) ","potentialAction":[{"@type":"SearchAction","target":{"@type":"EntryPoint","urlTemplate":"https:\/\/cjnrb.fr\/cjnrb_fr\/?s={search_term_string}"},"query-input":"required name=search_term_string"}],"inLanguage":"fr-FR"},{"@type":"ImageObject","@id":"https:\/\/cjnrb.fr\/cjnrb_fr\/la-ville-de-bailly\/#primaryimage","inLanguage":"fr-FR","url":"http:\/\/cjnrb.fr\/cjnrb_fr\/wp-content\/uploads\/2018\/11\/Histoire-de-Bailly.jpg","contentUrl":"http:\/\/cjnrb.fr\/cjnrb_fr\/wp-content\/uploads\/2018\/11\/Histoire-de-Bailly.jpg"},{"@type":"WebPage","@id":"https:\/\/cjnrb.fr\/cjnrb_fr\/la-ville-de-bailly\/#webpage","url":"https:\/\/cjnrb.fr\/cjnrb_fr\/la-ville-de-bailly\/","name":"La ville de Bailly - Jumelage Noisy le Roi \/ Bailly","isPartOf":{"@id":"https:\/\/cjnrb.fr\/cjnrb_fr\/#website"},"primaryImageOfPage":{"@id":"https:\/\/cjnrb.fr\/cjnrb_fr\/la-ville-de-bailly\/#primaryimage"},"datePublished":"2018-11-04T16:19:06+00:00","dateModified":"2018-11-18T17:24:02+00:00","breadcrumb":{"@id":"https:\/\/cjnrb.fr\/cjnrb_fr\/la-ville-de-bailly\/#breadcrumb"},"inLanguage":"fr-FR","potentialAction":[{"@type":"ReadAction","target":["https:\/\/cjnrb.fr\/cjnrb_fr\/la-ville-de-bailly\/"]}]},{"@type":"BreadcrumbList","@id":"https:\/\/cjnrb.fr\/cjnrb_fr\/la-ville-de-bailly\/#breadcrumb","itemListElement":[{"@type":"ListItem","position":1,"name":"Accueil","item":"https:\/\/cjnrb.fr\/cjnrb_fr\/"},{"@type":"ListItem","position":2,"name":"La ville de Bailly"}]}]}},"_links":{"self":[{"href":"https:\/\/cjnrb.fr\/cjnrb_fr\/wp-json\/wp\/v2\/pages\/4193"}],"collection":[{"href":"https:\/\/cjnrb.fr\/cjnrb_fr\/wp-json\/wp\/v2\/pages"}],"about":[{"href":"https:\/\/cjnrb.fr\/cjnrb_fr\/wp-json\/wp\/v2\/types\/page"}],"author":[{"embeddable":true,"href":"https:\/\/cjnrb.fr\/cjnrb_fr\/wp-json\/wp\/v2\/users\/1"}],"replies":[{"embeddable":true,"href":"https:\/\/cjnrb.fr\/cjnrb_fr\/wp-json\/wp\/v2\/comments?post=4193"}],"version-history":[{"count":4,"href":"https:\/\/cjnrb.fr\/cjnrb_fr\/wp-json\/wp\/v2\/pages\/4193\/revisions"}],"predecessor-version":[{"id":4373,"href":"https:\/\/cjnrb.fr\/cjnrb_fr\/wp-json\/wp\/v2\/pages\/4193\/revisions\/4373"}],"wp:attachment":[{"href":"https:\/\/cjnrb.fr\/cjnrb_fr\/wp-json\/wp\/v2\/media?parent=4193"}],"curies":[{"name":"wp","href":"https:\/\/api.w.org\/{rel}","templated":true}]}}