{"id":4064,"date":"2018-11-02T18:52:08","date_gmt":"2018-11-02T17:52:08","guid":{"rendered":"http:\/\/cjnrb.fr\/cjnrb_fr\/?page_id=4064"},"modified":"2018-11-03T18:44:43","modified_gmt":"2018-11-03T17:44:43","slug":"les-villes-jumelees","status":"publish","type":"page","link":"https:\/\/cjnrb.fr\/cjnrb_fr\/les-villes-jumelees\/","title":{"rendered":"Les villes jumel\u00e9es"},"content":{"rendered":"<div id='layer_slider_1' class='avia-layerslider main_color avia-shadow  container_wrap sidebar_right' style=' '   style=' ' ><\/div>\n<section class=\"av_textblock_section \"  itemscope=\"itemscope\" itemtype=\"https:\/\/schema.org\/CreativeWork\" ><div class='avia_textblock  '   itemprop=\"text\" ><blockquote>\n<p>Le Comit\u00e9 de jumelage de Noisy le Roi-Bailly (CJNRB) est une association de b\u00e9n\u00e9voles qui a pour but de mettre en \u0153uvre et de favoriser des \u00e9changes dans les domaines scolaires, culturels, sportifs, \u00e9conomiques et environnementaux avec les villes d\u2019Albion (USA) et Godella (Espagne) conform\u00e9ment aux d\u00e9cisions des Conseils Municipaux de Noisy le Roi et de Bailly<\/p>\n<p><a href=\"http:\/\/cjnrb.fr\/cjnrb_fr\/la-ville-dalbion\/\">En savoir + sur la ville jumel\u00e9e d&rsquo;Albion<\/a><\/p>\n<p><a href=\"http:\/\/cjnrb.fr\/cjnrb_fr\/la-ville-de-godella\/\">En soir + sur la ville jumel\u00e9e de Godella<\/a><\/p>\n<\/blockquote>\n<\/div><\/section>\n","protected":false},"excerpt":{"rendered":"","protected":false},"author":1,"featured_media":0,"parent":0,"menu_order":0,"comment_status":"closed","ping_status":"closed","template":"","meta":[],"yoast_head":"<!-- This site is optimized with the Yoast SEO plugin v18.5.1 - https:\/\/yoast.com\/wordpress\/plugins\/seo\/ -->\n<title>Les villes jumel\u00e9es - Jumelage Noisy le Roi \/ Bailly<\/title>\n<meta name=\"robots\" content=\"index, follow, max-snippet:-1, max-image-preview:large, max-video-preview:-1\" \/>\n<link rel=\"canonical\" href=\"https:\/\/cjnrb.fr\/cjnrb_fr\/les-villes-jumelees\/\" \/>\n<meta property=\"og:locale\" content=\"fr_FR\" \/>\n<meta property=\"og:type\" content=\"article\" \/>\n<meta property=\"og:title\" content=\"Les villes jumel\u00e9es - Jumelage Noisy le Roi \/ Bailly\" \/>\n<meta property=\"og:url\" content=\"https:\/\/cjnrb.fr\/cjnrb_fr\/les-villes-jumelees\/\" \/>\n<meta property=\"og:site_name\" content=\"Jumelage Noisy le Roi \/ Bailly\" \/>\n<meta property=\"article:modified_time\" content=\"2018-11-03T17:44:43+00:00\" \/>\n<meta name=\"twitter:card\" content=\"summary_large_image\" \/>\n<meta name=\"twitter:label1\" content=\"Dur\u00e9e de lecture estim\u00e9e\" \/>\n\t<meta name=\"twitter:data1\" content=\"1 minute\" \/>\n<script type=\"application\/ld+json\" class=\"yoast-schema-graph\">{\"@context\":\"https:\/\/schema.org\",\"@graph\":[{\"@type\":\"WebSite\",\"@id\":\"https:\/\/cjnrb.fr\/cjnrb_fr\/#website\",\"url\":\"https:\/\/cjnrb.fr\/cjnrb_fr\/\",\"name\":\"Jumelage Noisy le Roi \/ Bailly\",\"description\":\"\u00e9changes dans les domaines scolaires, culturels, sportifs, \u00e9conomiques et environnementaux avec les villes d\u2019Albion (USA) et Godella (Espagne) \",\"potentialAction\":[{\"@type\":\"SearchAction\",\"target\":{\"@type\":\"EntryPoint\",\"urlTemplate\":\"https:\/\/cjnrb.fr\/cjnrb_fr\/?s={search_term_string}\"},\"query-input\":\"required name=search_term_string\"}],\"inLanguage\":\"fr-FR\"},{\"@type\":\"WebPage\",\"@id\":\"https:\/\/cjnrb.fr\/cjnrb_fr\/les-villes-jumelees\/#webpage\",\"url\":\"https:\/\/cjnrb.fr\/cjnrb_fr\/les-villes-jumelees\/\",\"name\":\"Les villes jumel\u00e9es - Jumelage Noisy le Roi \/ Bailly\",\"isPartOf\":{\"@id\":\"https:\/\/cjnrb.fr\/cjnrb_fr\/#website\"},\"datePublished\":\"2018-11-02T17:52:08+00:00\",\"dateModified\":\"2018-11-03T17:44:43+00:00\",\"breadcrumb\":{\"@id\":\"https:\/\/cjnrb.fr\/cjnrb_fr\/les-villes-jumelees\/#breadcrumb\"},\"inLanguage\":\"fr-FR\",\"potentialAction\":[{\"@type\":\"ReadAction\",\"target\":[\"https:\/\/cjnrb.fr\/cjnrb_fr\/les-villes-jumelees\/\"]}]},{\"@type\":\"BreadcrumbList\",\"@id\":\"https:\/\/cjnrb.fr\/cjnrb_fr\/les-villes-jumelees\/#breadcrumb\",\"itemListElement\":[{\"@type\":\"ListItem\",\"position\":1,\"name\":\"Accueil\",\"item\":\"https:\/\/cjnrb.fr\/cjnrb_fr\/\"},{\"@type\":\"ListItem\",\"position\":2,\"name\":\"Les villes jumel\u00e9es\"}]}]}<\/script>\n<!-- \/ Yoast SEO plugin. -->","yoast_head_json":{"title":"Les villes jumel\u00e9es - Jumelage Noisy le Roi \/ Bailly","robots":{"index":"index","follow":"follow","max-snippet":"max-snippet:-1","max-image-preview":"max-image-preview:large","max-video-preview":"max-video-preview:-1"},"canonical":"https:\/\/cjnrb.fr\/cjnrb_fr\/les-villes-jumelees\/","og_locale":"fr_FR","og_type":"article","og_title":"Les villes jumel\u00e9es - Jumelage Noisy le Roi \/ Bailly","og_url":"https:\/\/cjnrb.fr\/cjnrb_fr\/les-villes-jumelees\/","og_site_name":"Jumelage Noisy le Roi \/ Bailly","article_modified_time":"2018-11-03T17:44:43+00:00","twitter_card":"summary_large_image","twitter_misc":{"Dur\u00e9e de lecture estim\u00e9e":"1 minute"},"schema":{"@context":"https:\/\/schema.org","@graph":[{"@type":"WebSite","@id":"https:\/\/cjnrb.fr\/cjnrb_fr\/#website","url":"https:\/\/cjnrb.fr\/cjnrb_fr\/","name":"Jumelage Noisy le Roi \/ Bailly","description":"\u00e9changes dans les domaines scolaires, culturels, sportifs, \u00e9conomiques et environnementaux avec les villes d\u2019Albion (USA) et Godella (Espagne) ","potentialAction":[{"@type":"SearchAction","target":{"@type":"EntryPoint","urlTemplate":"https:\/\/cjnrb.fr\/cjnrb_fr\/?s={search_term_string}"},"query-input":"required name=search_term_string"}],"inLanguage":"fr-FR"},{"@type":"WebPage","@id":"https:\/\/cjnrb.fr\/cjnrb_fr\/les-villes-jumelees\/#webpage","url":"https:\/\/cjnrb.fr\/cjnrb_fr\/les-villes-jumelees\/","name":"Les villes jumel\u00e9es - Jumelage Noisy le Roi \/ Bailly","isPartOf":{"@id":"https:\/\/cjnrb.fr\/cjnrb_fr\/#website"},"datePublished":"2018-11-02T17:52:08+00:00","dateModified":"2018-11-03T17:44:43+00:00","breadcrumb":{"@id":"https:\/\/cjnrb.fr\/cjnrb_fr\/les-villes-jumelees\/#breadcrumb"},"inLanguage":"fr-FR","potentialAction":[{"@type":"ReadAction","target":["https:\/\/cjnrb.fr\/cjnrb_fr\/les-villes-jumelees\/"]}]},{"@type":"BreadcrumbList","@id":"https:\/\/cjnrb.fr\/cjnrb_fr\/les-villes-jumelees\/#breadcrumb","itemListElement":[{"@type":"ListItem","position":1,"name":"Accueil","item":"https:\/\/cjnrb.fr\/cjnrb_fr\/"},{"@type":"ListItem","position":2,"name":"Les villes jumel\u00e9es"}]}]}},"_links":{"self":[{"href":"https:\/\/cjnrb.fr\/cjnrb_fr\/wp-json\/wp\/v2\/pages\/4064"}],"collection":[{"href":"https:\/\/cjnrb.fr\/cjnrb_fr\/wp-json\/wp\/v2\/pages"}],"about":[{"href":"https:\/\/cjnrb.fr\/cjnrb_fr\/wp-json\/wp\/v2\/types\/page"}],"author":[{"embeddable":true,"href":"https:\/\/cjnrb.fr\/cjnrb_fr\/wp-json\/wp\/v2\/users\/1"}],"replies":[{"embeddable":true,"href":"https:\/\/cjnrb.fr\/cjnrb_fr\/wp-json\/wp\/v2\/comments?post=4064"}],"version-history":[{"count":3,"href":"https:\/\/cjnrb.fr\/cjnrb_fr\/wp-json\/wp\/v2\/pages\/4064\/revisions"}],"predecessor-version":[{"id":4173,"href":"https:\/\/cjnrb.fr\/cjnrb_fr\/wp-json\/wp\/v2\/pages\/4064\/revisions\/4173"}],"wp:attachment":[{"href":"https:\/\/cjnrb.fr\/cjnrb_fr\/wp-json\/wp\/v2\/media?parent=4064"}],"curies":[{"name":"wp","href":"https:\/\/api.w.org\/{rel}","templated":true}]}}