{"id":4059,"date":"2018-11-02T18:44:43","date_gmt":"2018-11-02T17:44:43","guid":{"rendered":"http:\/\/cjnrb.fr\/cjnrb_fr\/?page_id=4059"},"modified":"2018-11-18T18:14:12","modified_gmt":"2018-11-18T17:14:12","slug":"la-ville-de-godella","status":"publish","type":"page","link":"https:\/\/cjnrb.fr\/cjnrb_fr\/la-ville-de-godella\/","title":{"rendered":"La ville de Godella"},"content":{"rendered":"<div id='layer_slider_1' class='avia-layerslider main_color avia-shadow  container_wrap sidebar_right' style=' '   style=' ' ><\/div>\n<section class=\"av_textblock_section \"  itemscope=\"itemscope\" itemtype=\"https:\/\/schema.org\/CreativeWork\" ><div class='avia_textblock  '   itemprop=\"text\" ><blockquote>\n<h2><strong><span class=\"texte\">La ville de Godella<\/span><\/strong><\/h2>\n<\/blockquote>\n<p><span class=\"texte\">La ville de Godella est situ\u00e9e dans la province de Valence \u00e0 8 km de la ville de Valence. Elle est b\u00e2tie sur un promontoire qui domine de quelques dizaines de m\u00e8tres la huerta qui la s\u00e9pare de Valence. Oranger \u00e0 perte de vue&#8230;<\/span><\/p>\n<div id=\"lmm_a8111a73\" style=\"width:100%;\" class=\"mapsmarker markermap marker-2\">\n<div id=\"lmm_panel_a8111a73\" class=\"lmm-panel\" style=\"background:#efefef;\">\n<div id=\"lmm_panel_api_a8111a73\" class=\"lmm-panel-api\"><a href=\"https:\/\/maps.google.com\/maps?daddr=39.519403,-0.410614&amp;t=m&amp;layer=1&amp;doflg=ptk&amp;om=0\" target=\"_blank\" title=\"Obtenir l&#039;itin\u00e9raire\"><img alt=\"icon-car.png\" src=\"https:\/\/cjnrb.fr\/cjnrb_fr\/wp-content\/plugins\/leaflet-maps-marker\/inc\/img\/icon-car.png\" width=\"14\" height=\"14\" class=\"lmm-panel-api-images\" \/><\/a><a href=\"https:\/\/cjnrb.fr\/cjnrb_fr\/wp-content\/plugins\/leaflet-maps-marker\/leaflet-fullscreen.php?marker=2\" style=\"text-decoration:none;\" title=\"Ouvrir la carte toute seule en mode plein \u00e9cran\" target=\"_blank\"><img src=\"https:\/\/cjnrb.fr\/cjnrb_fr\/wp-content\/plugins\/leaflet-maps-marker\/inc\/img\/icon-fullscreen.png\" width=\"14\" height=\"14\" alt=\"Fullscreen-Logo\" class=\"lmm-panel-api-images\" \/><\/a><\/div><div id=\"lmm_panel_text_a8111a73\" class=\"lmm-panel-text\" style=\"font-weight:bold;color:#373737;\">Godella<\/div><\/div>\n<div id=\"lmm_map_a8111a73\" class=\"lmm-map\" style=\"background:#f6f6f6;border:1px solid #ccc;height:500px; overflow:hidden;padding:0;\"><p style=\"font-size:80%;color:#9f9e9e;margin-left:5px;\">chargement de la carte - veuillez patienter...<noscript><br\/><strong>La carte ne peut \u00eatre charg\u00e9e - s'il vous pla\u00eet activer Javascript !<\/strong><br\/><a style=\"text-decoration:none;\" href=\"https:\/\/www.mapsmarker.com\/js-disabled\" target=\"_blank\">&rarr; plus d'informations<\/a><\/noscript><\/p><\/div>\n<div id=\"lmm_geo_tags_a8111a73\" class=\"lmm-geo-tags geo\">\n<span class=\"paneltext\">Godella<\/span>\n<span class=\"latitude\">39.519403<\/span>, <span class=\"longitude\">-0.410614<\/span>\n<span class=\"popuptext\"><\/span>\n<\/div>\n<\/div>\n<p>C&rsquo;est une ville de 13240 habitants ( en 2009 ) dans un site prot\u00e9g\u00e9, aucun immeuble collectif tr\u00e8s bien d\u00e9servie par les transports public\u00a0,\u00a0<span class=\"texte\">m\u00e9tro \u00e0 12 stations du centre de Valence et tramway direct sur les plages. A\u00e9roport international \u00e0 5 km.<\/span><\/p>\n<p>Elle abrite de nombreuses \u00e9coles publiques et priv\u00e9es qui drainent des \u00e9l\u00e8ves de tous les environs.<\/p>\n<p>Des peintres connus y ont r\u00e9sid\u00e9 et il y a encore une quarantaine d&rsquo;artistes qui y s\u00e9journent.<\/p>\n<p><span class=\"texte\">Tr\u00e8s bien \u00e9quip\u00e9e sur le plan sportif avec une \u00e9quipe de basket d&rsquo;une grande renomm\u00e9e.<\/span><\/p>\n<p><span class=\"texte\">Son \u00e9cole de musique est tr\u00e8s appr\u00e9ci\u00e9e et sa formation \u00a0\u00bb la Banda \u00a0\u00bb jouit d&rsquo;une grande r\u00e9putation.<\/span><\/p>\n<\/div><\/section>\n<div class=\"flex_column av_one_full  flex_column_div av-zero-column-padding first  \" style='border-radius:0px; '><div id='av-masonry-1' class='av-masonry  noHover av-fixed-size av-large-gap av-hover-overlay-active av-masonry-animation-active av-masonry-col-3 av-caption-on-hover av-caption-style- av-masonry-gallery     '  ><div class='av-masonry-container isotope av-js-disabled ' ><div class='av-masonry-entry isotope-item av-masonry-item-no-image '><\/div><a href=\"https:\/\/cjnrb.fr\/cjnrb_fr\/wp-content\/uploads\/2018\/11\/La-Huerta.jpg\" id='av-masonry-1-item-4118' data-av-masonry-item='4118' class='av-masonry-entry isotope-item post-4118 attachment type-attachment status-inherit hentry  av-masonry-item-with-image' title=\"La Huerta\"  itemprop=\"thumbnailUrl\" ><div class='av-inner-masonry-sizer'><\/div><figure class='av-inner-masonry main_color'><div class=\"av-masonry-outerimage-container\"><div class=\"av-masonry-image-container\" style=\"background-image: url(https:\/\/cjnrb.fr\/cjnrb_fr\/wp-content\/uploads\/2018\/11\/La-Huerta.jpg);\" title=\"La Huerta\" ><\/div><\/div><figcaption class='av-inner-masonry-content site-background'><div class='av-inner-masonry-content-pos'><div class='av-inner-masonry-content-pos-content'><div class='avia-arrow'><\/div><h3 class='av-masonry-entry-title entry-title'  itemprop=\"headline\" >La Huerta<\/h3><\/div><\/div><\/figcaption><\/figure><\/a><!--end av-masonry entry--><a href=\"https:\/\/cjnrb.fr\/cjnrb_fr\/wp-content\/uploads\/2018\/11\/La-rue-principale-de-Godella-pr\u00e8s-de-la-station-de-m\u00e9tro-1.jpg\" id='av-masonry-1-item-4119' data-av-masonry-item='4119' class='av-masonry-entry isotope-item post-4119 attachment type-attachment status-inherit hentry  av-masonry-item-with-image' title=\"La rue principale de Godella pr\u00e8s de la station de m\u00e9tro\"  itemprop=\"thumbnailUrl\" ><div class='av-inner-masonry-sizer'><\/div><figure class='av-inner-masonry main_color'><div class=\"av-masonry-outerimage-container\"><div class=\"av-masonry-image-container\" style=\"background-image: url(https:\/\/cjnrb.fr\/cjnrb_fr\/wp-content\/uploads\/2018\/11\/La-rue-principale-de-Godella-pr\u00e8s-de-la-station-de-m\u00e9tro-1.jpg);\" title=\"La rue principale de Godella pr\u00e8s de la station de m\u00e9tro\" ><\/div><\/div><figcaption class='av-inner-masonry-content site-background'><div class='av-inner-masonry-content-pos'><div class='av-inner-masonry-content-pos-content'><div class='avia-arrow'><\/div><h3 class='av-masonry-entry-title entry-title'  itemprop=\"headline\" >La rue principale de Godella pr\u00e8s de la station de m\u00e9tro<\/h3><\/div><\/div><\/figcaption><\/figure><\/a><!--end av-masonry entry--><a href=\"https:\/\/cjnrb.fr\/cjnrb_fr\/wp-content\/uploads\/2018\/11\/Le-plat-national-1.jpg\" id='av-masonry-1-item-4120' data-av-masonry-item='4120' class='av-masonry-entry isotope-item post-4120 attachment type-attachment status-inherit hentry  av-masonry-item-with-image' title=\"Le plat national\"  itemprop=\"thumbnailUrl\" ><div class='av-inner-masonry-sizer'><\/div><figure class='av-inner-masonry main_color'><div class=\"av-masonry-outerimage-container\"><div class=\"av-masonry-image-container\" style=\"background-image: url(https:\/\/cjnrb.fr\/cjnrb_fr\/wp-content\/uploads\/2018\/11\/Le-plat-national-1.jpg);\" title=\"Le plat national\" ><\/div><\/div><figcaption class='av-inner-masonry-content site-background'><div class='av-inner-masonry-content-pos'><div class='av-inner-masonry-content-pos-content'><div class='avia-arrow'><\/div><h3 class='av-masonry-entry-title entry-title'  itemprop=\"headline\" >Le plat national<\/h3><\/div><\/div><\/figcaption><\/figure><\/a><!--end av-masonry entry--><a href=\"https:\/\/cjnrb.fr\/cjnrb_fr\/wp-content\/uploads\/2018\/11\/L\u00e9cole-de-musique.jpg\" id='av-masonry-1-item-4121' data-av-masonry-item='4121' class='av-masonry-entry isotope-item post-4121 attachment type-attachment status-inherit hentry  av-masonry-item-with-image' title=\"L&rsquo;\u00e9cole de musique\"  itemprop=\"thumbnailUrl\" ><div class='av-inner-masonry-sizer'><\/div><figure class='av-inner-masonry main_color'><div class=\"av-masonry-outerimage-container\"><div class=\"av-masonry-image-container\" style=\"background-image: url(https:\/\/cjnrb.fr\/cjnrb_fr\/wp-content\/uploads\/2018\/11\/L\u00e9cole-de-musique.jpg);\" title=\"L&rsquo;\u00e9cole de musique\" ><\/div><\/div><figcaption class='av-inner-masonry-content site-background'><div class='av-inner-masonry-content-pos'><div class='av-inner-masonry-content-pos-content'><div class='avia-arrow'><\/div><h3 class='av-masonry-entry-title entry-title'  itemprop=\"headline\" >L&rsquo;\u00e9cole de musique<\/h3><\/div><\/div><\/figcaption><\/figure><\/a><!--end av-masonry entry--><a href=\"https:\/\/cjnrb.fr\/cjnrb_fr\/wp-content\/uploads\/2018\/11\/Lesplanade-de-la-mairie-\u00e0-l\u00e9glise-1.jpg\" id='av-masonry-1-item-4122' data-av-masonry-item='4122' class='av-masonry-entry isotope-item post-4122 attachment type-attachment status-inherit hentry  av-masonry-item-with-image' title=\"L&rsquo;esplanade de la mairie \u00e0 l&rsquo;\u00e9glise\"  itemprop=\"thumbnailUrl\" ><div class='av-inner-masonry-sizer'><\/div><figure class='av-inner-masonry main_color'><div class=\"av-masonry-outerimage-container\"><div class=\"av-masonry-image-container\" style=\"background-image: url(https:\/\/cjnrb.fr\/cjnrb_fr\/wp-content\/uploads\/2018\/11\/Lesplanade-de-la-mairie-\u00e0-l\u00e9glise-1.jpg);\" title=\"L&rsquo;esplanade de la mairie \u00e0 l&rsquo;\u00e9glise\" ><\/div><\/div><figcaption class='av-inner-masonry-content site-background'><div class='av-inner-masonry-content-pos'><div class='av-inner-masonry-content-pos-content'><div class='avia-arrow'><\/div><h3 class='av-masonry-entry-title entry-title'  itemprop=\"headline\" >L&rsquo;esplanade de la mairie \u00e0 l&rsquo;\u00e9glise<\/h3><\/div><\/div><\/figcaption><\/figure><\/a><!--end av-masonry entry--><a href=\"https:\/\/cjnrb.fr\/cjnrb_fr\/wp-content\/uploads\/2018\/11\/Une-vue-de-Campo-Olivar-quartier-r\u00e9sidentiel-de-Godella.jpg\" id='av-masonry-1-item-4123' data-av-masonry-item='4123' class='av-masonry-entry isotope-item post-4123 attachment type-attachment status-inherit hentry  av-masonry-item-with-image' title=\"Une vue de Campo Olivar (quartier r\u00e9sidentiel de Godella)\"  itemprop=\"thumbnailUrl\" ><div class='av-inner-masonry-sizer'><\/div><figure class='av-inner-masonry main_color'><div class=\"av-masonry-outerimage-container\"><div class=\"av-masonry-image-container\" style=\"background-image: url(https:\/\/cjnrb.fr\/cjnrb_fr\/wp-content\/uploads\/2018\/11\/Une-vue-de-Campo-Olivar-quartier-r\u00e9sidentiel-de-Godella.jpg);\" title=\"Une vue de Campo Olivar (quartier r\u00e9sidentiel de Godella)\" ><\/div><\/div><figcaption class='av-inner-masonry-content site-background'><div class='av-inner-masonry-content-pos'><div class='av-inner-masonry-content-pos-content'><div class='avia-arrow'><\/div><h3 class='av-masonry-entry-title entry-title'  itemprop=\"headline\" >Une vue de Campo Olivar (quartier r\u00e9sidentiel de Godella)<\/h3><\/div><\/div><\/figcaption><\/figure><\/a><!--end av-masonry entry--><\/div><\/div><\/div>\n","protected":false},"excerpt":{"rendered":"","protected":false},"author":1,"featured_media":0,"parent":0,"menu_order":0,"comment_status":"closed","ping_status":"closed","template":"","meta":[],"yoast_head":"<!-- This site is optimized with the Yoast SEO plugin v18.5.1 - https:\/\/yoast.com\/wordpress\/plugins\/seo\/ -->\n<title>La ville de Godella - Jumelage Noisy le Roi \/ Bailly<\/title>\n<meta name=\"robots\" content=\"index, follow, max-snippet:-1, max-image-preview:large, max-video-preview:-1\" \/>\n<link rel=\"canonical\" href=\"https:\/\/cjnrb.fr\/cjnrb_fr\/la-ville-de-godella\/\" \/>\n<meta property=\"og:locale\" content=\"fr_FR\" \/>\n<meta property=\"og:type\" content=\"article\" \/>\n<meta property=\"og:title\" content=\"La ville de Godella - Jumelage Noisy le Roi \/ Bailly\" \/>\n<meta property=\"og:url\" content=\"https:\/\/cjnrb.fr\/cjnrb_fr\/la-ville-de-godella\/\" \/>\n<meta property=\"og:site_name\" content=\"Jumelage Noisy le Roi \/ Bailly\" \/>\n<meta property=\"article:modified_time\" content=\"2018-11-18T17:14:12+00:00\" \/>\n<meta name=\"twitter:card\" content=\"summary_large_image\" \/>\n<meta name=\"twitter:label1\" content=\"Dur\u00e9e de lecture estim\u00e9e\" \/>\n\t<meta name=\"twitter:data1\" content=\"2 minutes\" \/>\n<script type=\"application\/ld+json\" class=\"yoast-schema-graph\">{\"@context\":\"https:\/\/schema.org\",\"@graph\":[{\"@type\":\"WebSite\",\"@id\":\"https:\/\/cjnrb.fr\/cjnrb_fr\/#website\",\"url\":\"https:\/\/cjnrb.fr\/cjnrb_fr\/\",\"name\":\"Jumelage Noisy le Roi \/ Bailly\",\"description\":\"\u00e9changes dans les domaines scolaires, culturels, sportifs, \u00e9conomiques et environnementaux avec les villes d\u2019Albion (USA) et Godella (Espagne) \",\"potentialAction\":[{\"@type\":\"SearchAction\",\"target\":{\"@type\":\"EntryPoint\",\"urlTemplate\":\"https:\/\/cjnrb.fr\/cjnrb_fr\/?s={search_term_string}\"},\"query-input\":\"required name=search_term_string\"}],\"inLanguage\":\"fr-FR\"},{\"@type\":\"WebPage\",\"@id\":\"https:\/\/cjnrb.fr\/cjnrb_fr\/la-ville-de-godella\/#webpage\",\"url\":\"https:\/\/cjnrb.fr\/cjnrb_fr\/la-ville-de-godella\/\",\"name\":\"La ville de Godella - Jumelage Noisy le Roi \/ Bailly\",\"isPartOf\":{\"@id\":\"https:\/\/cjnrb.fr\/cjnrb_fr\/#website\"},\"datePublished\":\"2018-11-02T17:44:43+00:00\",\"dateModified\":\"2018-11-18T17:14:12+00:00\",\"breadcrumb\":{\"@id\":\"https:\/\/cjnrb.fr\/cjnrb_fr\/la-ville-de-godella\/#breadcrumb\"},\"inLanguage\":\"fr-FR\",\"potentialAction\":[{\"@type\":\"ReadAction\",\"target\":[\"https:\/\/cjnrb.fr\/cjnrb_fr\/la-ville-de-godella\/\"]}]},{\"@type\":\"BreadcrumbList\",\"@id\":\"https:\/\/cjnrb.fr\/cjnrb_fr\/la-ville-de-godella\/#breadcrumb\",\"itemListElement\":[{\"@type\":\"ListItem\",\"position\":1,\"name\":\"Accueil\",\"item\":\"https:\/\/cjnrb.fr\/cjnrb_fr\/\"},{\"@type\":\"ListItem\",\"position\":2,\"name\":\"La ville de Godella\"}]}]}<\/script>\n<!-- \/ Yoast SEO plugin. -->","yoast_head_json":{"title":"La ville de Godella - Jumelage Noisy le Roi \/ Bailly","robots":{"index":"index","follow":"follow","max-snippet":"max-snippet:-1","max-image-preview":"max-image-preview:large","max-video-preview":"max-video-preview:-1"},"canonical":"https:\/\/cjnrb.fr\/cjnrb_fr\/la-ville-de-godella\/","og_locale":"fr_FR","og_type":"article","og_title":"La ville de Godella - Jumelage Noisy le Roi \/ Bailly","og_url":"https:\/\/cjnrb.fr\/cjnrb_fr\/la-ville-de-godella\/","og_site_name":"Jumelage Noisy le Roi \/ Bailly","article_modified_time":"2018-11-18T17:14:12+00:00","twitter_card":"summary_large_image","twitter_misc":{"Dur\u00e9e de lecture estim\u00e9e":"2 minutes"},"schema":{"@context":"https:\/\/schema.org","@graph":[{"@type":"WebSite","@id":"https:\/\/cjnrb.fr\/cjnrb_fr\/#website","url":"https:\/\/cjnrb.fr\/cjnrb_fr\/","name":"Jumelage Noisy le Roi \/ Bailly","description":"\u00e9changes dans les domaines scolaires, culturels, sportifs, \u00e9conomiques et environnementaux avec les villes d\u2019Albion (USA) et Godella (Espagne) ","potentialAction":[{"@type":"SearchAction","target":{"@type":"EntryPoint","urlTemplate":"https:\/\/cjnrb.fr\/cjnrb_fr\/?s={search_term_string}"},"query-input":"required name=search_term_string"}],"inLanguage":"fr-FR"},{"@type":"WebPage","@id":"https:\/\/cjnrb.fr\/cjnrb_fr\/la-ville-de-godella\/#webpage","url":"https:\/\/cjnrb.fr\/cjnrb_fr\/la-ville-de-godella\/","name":"La ville de Godella - Jumelage Noisy le Roi \/ Bailly","isPartOf":{"@id":"https:\/\/cjnrb.fr\/cjnrb_fr\/#website"},"datePublished":"2018-11-02T17:44:43+00:00","dateModified":"2018-11-18T17:14:12+00:00","breadcrumb":{"@id":"https:\/\/cjnrb.fr\/cjnrb_fr\/la-ville-de-godella\/#breadcrumb"},"inLanguage":"fr-FR","potentialAction":[{"@type":"ReadAction","target":["https:\/\/cjnrb.fr\/cjnrb_fr\/la-ville-de-godella\/"]}]},{"@type":"BreadcrumbList","@id":"https:\/\/cjnrb.fr\/cjnrb_fr\/la-ville-de-godella\/#breadcrumb","itemListElement":[{"@type":"ListItem","position":1,"name":"Accueil","item":"https:\/\/cjnrb.fr\/cjnrb_fr\/"},{"@type":"ListItem","position":2,"name":"La ville de Godella"}]}]}},"_links":{"self":[{"href":"https:\/\/cjnrb.fr\/cjnrb_fr\/wp-json\/wp\/v2\/pages\/4059"}],"collection":[{"href":"https:\/\/cjnrb.fr\/cjnrb_fr\/wp-json\/wp\/v2\/pages"}],"about":[{"href":"https:\/\/cjnrb.fr\/cjnrb_fr\/wp-json\/wp\/v2\/types\/page"}],"author":[{"embeddable":true,"href":"https:\/\/cjnrb.fr\/cjnrb_fr\/wp-json\/wp\/v2\/users\/1"}],"replies":[{"embeddable":true,"href":"https:\/\/cjnrb.fr\/cjnrb_fr\/wp-json\/wp\/v2\/comments?post=4059"}],"version-history":[{"count":11,"href":"https:\/\/cjnrb.fr\/cjnrb_fr\/wp-json\/wp\/v2\/pages\/4059\/revisions"}],"predecessor-version":[{"id":4370,"href":"https:\/\/cjnrb.fr\/cjnrb_fr\/wp-json\/wp\/v2\/pages\/4059\/revisions\/4370"}],"wp:attachment":[{"href":"https:\/\/cjnrb.fr\/cjnrb_fr\/wp-json\/wp\/v2\/media?parent=4059"}],"curies":[{"name":"wp","href":"https:\/\/api.w.org\/{rel}","templated":true}]}}